{"id":28,"date":"2025-12-30T18:30:17","date_gmt":"2025-12-30T17:30:17","guid":{"rendered":"https:\/\/mls.vaddobygden.se\/?page_id=28"},"modified":"2025-12-30T18:37:11","modified_gmt":"2025-12-30T17:37:11","slug":"referenser","status":"publish","type":"page","link":"https:\/\/mls.vaddobygden.se\/?page_id=28","title":{"rendered":"Referenser"},"content":{"rendered":"\n<p>Cras, P. (2022). Civilsamh\u00e4llet och landsbygdens medborgarskap. I P. Cras, J. von Essen, K.<br>Hansen, M. Nordfeldt &amp; P. \u00c5berg (red.), Landsbygdernas och de mindre orternas<br>civilsamh\u00e4llen. Uppsala: SLU, Urban and Rural Reports 2022:3.<\/p>\n\n\n\n<p><br>Cras, P. &amp; Arora-Jonsson, S. (2024). Det lokala civilsamh\u00e4llet: en f\u00f6ruts\u00e4ttning f\u00f6r h\u00e5llbar<br>utveckling. I Arora-Jonsson, S., Sandstr\u00f6m, S. &amp; Waldenstr\u00f6m, C. (red.). H\u00e5llbarhetens<br>dimensioner. Stockholm: Verbal f\u00f6rlag.<\/p>\n\n\n\n<p><br>Cras, P., von Essen, J., Hansen, K., Nordfeldt, M. &amp; \u00c5berg, P. (red.) (2022). Landsbygdernas<br>och de mindre orternas civilsamh\u00e4llen. Uppsala: SLU, Urban and Rural Reports 2022:3.<\/p>\n\n\n\n<p><br>Cras, P., von Essen, J., Nordfeldt, M., &amp; \u00c5berg, P. (2023a). Kan civilsamh\u00e4llet l\u00f6sa<br>landsbygdens samh\u00e4llsutmaningar? I: Hermelin, B., Mathisen, T., &amp; Stenbacka, S. (red.),<br>Goda livsvillkor f\u00f6r h\u00e5llbar samh\u00e4llsutveckling p\u00e5 landsbygden. Nya perspektiv p\u00e5<br>service, infrastruktur och v\u00e4lf\u00e4rd. Malm\u00f6: Gleerups.<\/p>\n\n\n\n<p>Cras, P., von Essen, J., Nordfeldt, M. &amp; \u00c5berg, P. (2023b). Om Lantbrukarnas Riksf\u00f6rbund<br>som folkr\u00f6relseorganisation. Lokalavdelningarnas betydelser p\u00e5 landsbygden. Stockholm:<br>LRF.<\/p>\n\n\n\n<p><br>Cras, P., von Essen, J., &amp; \u00c5berg, P. (2022). Ett m\u00f6te mellan civilsamh\u00e4llesforskning och<br>landsbygdsforskning. I P. Cras, J. von Essen, K. Hansen, M. Nordfeldt, &amp; P. \u00c5berg (red.),<br>Landsbygdernas och de mindre orternas civilsamh\u00e4llen. Uppsala: SLU, Urban and Rural<br>Reports 2022:3.<\/p>\n\n\n\n<p><br>von Essen, J. &amp; \u00c5berg, P. (2025). Betydelsen av lokala civilsamh\u00e4llen i landsbygderna f\u00f6r<br>kris- och krigsberedskap. Marie Cederschi\u00f6ld h\u00f6gskola arbetsrapportserie nr 118.<br>Stockholm: Marie Cederschi\u00f6ld h\u00f6gskola.<\/p>\n\n\n\n<p><br>von Essen, J. &amp; \u00c5berg, P. (2022). Landsbygdens civilsamh\u00e4llen som b\u00e4rare av resurser. In P.<br>Cras, J. von Essen, K. Hansen, M. Nordfeldt &amp; P. \u00c5berg (Eds.), Landsbygdernas och de<br>mindre orternas civilsamh\u00e4llen. Uppsala: SLU, Urban and Rural Reports 2022:3.<\/p>\n\n\n\n<p><br>von Essen, J., \u00c5berg, P., Cras, P. &amp; Nordfeldt, M. (2024, 18-19\/4). Rural local public spaces:<br>The characteristics and functions of local public places [konferenspapper]. Conference on<br>Civil Society Studies 2024, K\u00f6penhamn, Danmark.<\/p>\n\n\n\n<p><br>Larsson, M., Vega, E. &amp; \u00c5berg, P. (2023a). Civilsamh\u00e4llet i Uppsala l\u00e4n. En kartl\u00e4ggning av<br>omfattning och utbredning 2022. Uppsala: Region Uppsala.<\/p>\n\n\n\n<p><br>Larsson, M., Vega, E. &amp; \u00c5berg, P. (2023b). Civilsamh\u00e4lleskartan V\u00e4rmland. Civilsamh\u00e4llet i<br>siffror 2023. Karlstad: Region V\u00e4rmland. V\u00e4rmlands civilsamh\u00e4lleskarta &#8211; Region<br>V\u00e4rmland (regionvarmland.se). Tillg\u00e4nglig 2024-01-04.<\/p>\n\n\n\n<p><br>Larsson, M., \u00c5berg, P. &amp; Vega, E. (2025). Civilsamh\u00e4llet i Uppsala l\u00e4n: En kartl\u00e4ggning av<br>omfattning och utbredning 2022. Marie Cederschi\u00f6ld h\u00f6gskola arbetsrapportserie nr 119.<br>Stockholm: Marie Cederschi\u00f6ld h\u00f6gskola.<\/p>\n\n\n\n<p><br>\u00c5berg, P. (2025). Det svenska civilsamh\u00e4llets organisationslandskap. I M. Karlsson, J. von<br>Essen, E. Forssell, M. Lindberg &amp; J. Vamstad (red.), Civilsamh\u00e4llesvetenskap: en<br>grundbok. Stockholm: Liber.<\/p>\n\n\n\n<p><br>\u00c5berg, P &amp; von Essen, J. (2024, 16\u201319\/7). Social cohesion in rural civil societies: The<br>importance of the \u201cinvisible\u201d civil society infrastructure [konferenspapper]. ISTR\u2019s<br>(International Society for Third Sector Research) 16th International Conference: Crisis<br>After Crisis After\u2026 What About the Third Sector? Antwerpen, Belgien.<\/p>\n\n\n\n<p><br>\u00c5berg, P., von Essen, J., Cras, P., Nordfeldt, M. &amp; Hansen, K. (2024). Folkbildning i<br>landsbygder. Om folkbildningens betydelser f\u00f6r m\u00e4nniskor och lokalsamh\u00e4llen i svenska<br>landsbygder. Stockholm: Folkbildningsr\u00e5det.<\/p>\n\n\n\n<p><br>\u00c5berg, P., Larsson, M., &amp; Vega, E. (2025). Civilsamh\u00e4lleskartan V\u00e4rmland\u202f: Civilsamh\u00e4llet i<br>siffror 2023. Marie Cederschi\u00f6ld h\u00f6gskola arbetsrapportserie nr 120. Stockholm: Marie<br>Cederschi\u00f6ld h\u00f6gskola.<\/p>\n","protected":false},"excerpt":{"rendered":"<p>Cras, P. (2022). Civilsamh\u00e4llet och landsbygdens medborgarskap. I P. Cras, J. von Essen, K.Hansen, M. Nordfeldt &amp; P. \u00c5berg (red.), Landsbygdernas och de mindre orternascivilsamh\u00e4llen. Uppsala: SLU, Urban and Rural Reports 2022:3. Cras, P. &amp; Arora-Jonsson, S. (2024). Det lokala civilsamh\u00e4llet: en f\u00f6ruts\u00e4ttning f\u00f6r h\u00e5llbarutveckling. I Arora-Jonsson, S., Sandstr\u00f6m, S.<\/p>\n","protected":false},"author":1,"featured_media":0,"parent":0,"menu_order":0,"comment_status":"closed","ping_status":"closed","template":"template-fullwidth.php","meta":{"footnotes":""},"class_list":["post-28","page","type-page","status-publish","hentry"],"_links":{"self":[{"href":"https:\/\/mls.vaddobygden.se\/index.php?rest_route=\/wp\/v2\/pages\/28","targetHints":{"allow":["GET"]}}],"collection":[{"href":"https:\/\/mls.vaddobygden.se\/index.php?rest_route=\/wp\/v2\/pages"}],"about":[{"href":"https:\/\/mls.vaddobygden.se\/index.php?rest_route=\/wp\/v2\/types\/page"}],"author":[{"embeddable":true,"href":"https:\/\/mls.vaddobygden.se\/index.php?rest_route=\/wp\/v2\/users\/1"}],"replies":[{"embeddable":true,"href":"https:\/\/mls.vaddobygden.se\/index.php?rest_route=%2Fwp%2Fv2%2Fcomments&post=28"}],"version-history":[{"count":4,"href":"https:\/\/mls.vaddobygden.se\/index.php?rest_route=\/wp\/v2\/pages\/28\/revisions"}],"predecessor-version":[{"id":70,"href":"https:\/\/mls.vaddobygden.se\/index.php?rest_route=\/wp\/v2\/pages\/28\/revisions\/70"}],"wp:attachment":[{"href":"https:\/\/mls.vaddobygden.se\/index.php?rest_route=%2Fwp%2Fv2%2Fmedia&parent=28"}],"curies":[{"name":"wp","href":"https:\/\/api.w.org\/{rel}","templated":true}]}}