{"id":30,"date":"2025-12-30T18:30:17","date_gmt":"2025-12-30T17:30:17","guid":{"rendered":"https:\/\/mls.vaddobygden.se\/?page_id=30"},"modified":"2026-01-04T12:28:23","modified_gmt":"2026-01-04T11:28:23","slug":"samverkanspartners","status":"publish","type":"page","link":"https:\/\/mls.vaddobygden.se\/?page_id=30","title":{"rendered":"Samverkanspartners"},"content":{"rendered":"\r\n<p class=\"has-medium-font-size\">V\u00e5rt projekt har f\u00f6ljande samverkanspartners, alla med dokumenterad kunskap och<br \/>stort engagemang i fr\u00e5gor r\u00f6rande civilsamh\u00e4llets utveckling.<\/p>\r\n<h2 class=\"wp-block-heading\">V\u00e4dd\u00f6navet (st\u00f6ds\u00f6kande)<\/h2>\r\n<p>\r\n\r\n<\/p>\r\n<p class=\"has-medium-font-size\">V\u00e4dd\u00f6navet \u00e4r en lokal utvecklingsgrupp med den b\u00e4rande tanken att samverkan f\u00f6r<br \/>att uppn\u00e5 gemensamma m\u00e5l \u00e4r en avg\u00f6rande framg\u00e5ngsfaktor i utvecklingen av<br \/>lokalsamh\u00e4llet. Gruppen v\u00e4nder sig till hela V\u00e4dd\u00f6omr\u00e5det, fr\u00e5n Sing\u00f6 i norr till<br \/>Arholma i s\u00f6der samt till fastlandsdelen runt t\u00e4torten \u00c4lmsta och S\u00f6derby-Karl.<br \/>M\u00e5let f\u00f6r V\u00e4dd\u00f6navets verksamhet \u00e4r att st\u00e4rka bygden och f\u00f6ra fram dess tillg\u00e5ngar<br \/>och evenemang genom att engagera lokala f\u00f6reningar, f\u00f6retagare och andra lokala<br \/>krafter. Ambition \u00e4r ocks\u00e5 att vara en lokal samtalspartner f\u00f6r kommunen och ett st\u00f6d<br \/>f\u00f6r bygden i kontakten med myndigheterna. Administrativt ansvarig \u00e4r V\u00e4dd\u00f6s Utveckling ekonomisk<br \/>f\u00f6rening (org.nr. 769603\u20138466).<\/p>\r\n\r\n\r\n\r\n<h2 class=\"wp-block-heading\">Hela Sverige ska leva Stockholms L\u00e4n<\/h2>\r\n\r\n\r\n\r\n<p class=\"has-medium-font-size\">Hela Sverige ska leva Stockholms l\u00e4n \u00e4r en av 24 regionala l\u00e4nsavdelningar inom<br \/>riksorganisationen Hela Sverige ska leva, vars m\u00e5l \u00e4r att fr\u00e4mja lokal utveckling<br \/>genom att bidra med ett l\u00e5ngsiktigt och h\u00e5llbart perspektiv. L\u00e4nsavdelningens fr\u00e4msta<br \/>uppgift \u00e4r att inspirera och st\u00f6dja lokala krafter och samordna den lokala utvecklingen<br \/>inom l\u00e4nets 26 kommuner. Som en del av en riksorganisation har avdelningen ett<br \/>omfattande n\u00e4tverk med kunskap och erfarenhet av lokal samverkan. F\u00f6rstudien ger<br \/>m\u00f6jligheter till att ytterligare utveckla och f\u00f6rfina modeller f\u00f6r hur den kan ske.<\/p>\r\n\r\n\r\n\r\n<h2 class=\"wp-block-heading\">Marie Cederschi\u00f6ld h\u00f6gskola (MCHS) i Stockholm<\/h2>\r\n\r\n\r\n\r\n<p class=\"has-medium-font-size\">Centrum f\u00f6r civilsamh\u00e4llesforskning vid Marie Cederschi\u00f6ld h\u00f6gskola etablerades<br \/>2019 som ett forskningscentrum, men forskargruppen har bedrivit forskning om det<br \/>civila samh\u00e4llet, medborgerligt engagemang och ideellt arbete sedan tidigt 1990-tal i<br \/>en m\u00e5ngvetenskaplig forskningsmilj\u00f6.<\/p>\r\n<p class=\"has-medium-font-size\">De tv\u00e5 forskare som deltar i projektet, professor Johan von Essen och docent Pelle \u00c5berg, har b\u00e5da m\u00e5ng\u00e5riga<br \/>erfarenheter av forskning kring det civila samh\u00e4llet, b\u00e5de p\u00e5 organisations- och p\u00e5 individniv\u00e5.\u00a0De senaste fem \u00e5ren har de b\u00e5da varit engagerade i en rad projekt som fokuserat p\u00e5 civilsamh\u00e4llets roller i Sveriges olika landsbygder, och generellt p\u00e5 att \u00f6ka kunskapen om det svenska civilsamh\u00e4llet p\u00e5 regional och lokal niv\u00e5 \u2013 projekt som resulterat i ett antal publikationer (se under fliken Referenser).<\/p>\r\n\r\n\r\n\r\n\r\n\r\n<h2 class=\"wp-block-heading\">Norrt\u00e4lje Kommun<\/h2>\r\n\r\n\r\n\r\n<p class=\"has-medium-font-size\">Norrt\u00e4lje kommun \u00e4r till ytan den st\u00f6rsta kommunen i Stockholms l\u00e4n och omfattar en<br \/>unik kombination av landsbygder, kust- och sk\u00e4rg\u00e5rdssamh\u00e4llen med \u00f6ver 60<br \/>bebodda \u00f6ar. Kommunen har drygt 65 000 inv\u00e5nare, och antalet boende mer \u00e4n<br \/>f\u00f6rdubblas under sommaren genom 26 000 fritidshus och ett stort antal turister, vilket<br \/>skapar b\u00e5de m\u00f6jligheter och utmaningar f\u00f6r service, infrastruktur, krisberedskap och<br \/>lokal utveckling.<\/p>\r\n\r\n\r\n\r\n<p class=\"has-medium-font-size\">Kommunen driver ett platsutvecklingsprojekt med s\u00e4rskilt fokus p\u00e5 landsbygd och<br \/>sk\u00e4rg\u00e5rd. Syftet \u00e4r att ta fram en ny strategi och lokala handlingsplaner f\u00f6r utveckling<br \/>i dessa omr\u00e5den, baserat p\u00e5 tidigare workshops, dialogprocesser och analyser av<br \/>platsutvecklingsbehov. Ett identifierat behov i arbetet \u00e4r att komplettera dessa<br \/>underlag med f\u00f6rdjupad kunskap om civilsamh\u00e4llets organisationer, n\u00e4tverk och<br \/>drivkrafter. Grundforskning ing\u00e5r dock inte i kommunens ordinarie verksamhet, och<br \/>h\u00e4r fyller denna f\u00f6rstudie en viktig funktion.<br \/><br \/>Som samverkanspart bidrar Norrt\u00e4lje kommun med underlag fr\u00e5n tidigare dialog- och<br \/>analysprocesser, lokal k\u00e4nnedom och etablerade n\u00e4tverk samt erfarenhet av att hantera fr\u00e5gor<br \/>som r\u00f6r b\u00e5de vardagsrelaterad utveckling av lokalsamh\u00e4llet och civilsamh\u00e4llets roll i lokal beredskap.<\/p>\r\n\r\n\r\n\r\n<p class=\"has-medium-font-size\">\u00a0<\/p>\r\n","protected":false},"excerpt":{"rendered":"<p>V\u00e5rt projekt har f\u00f6ljande samverkanspartners, alla med dokumenterad kunskap ochstort engagemang i fr\u00e5gor r\u00f6rande civilsamh\u00e4llets utveckling. V\u00e4dd\u00f6navet (st\u00f6ds\u00f6kande) V\u00e4dd\u00f6navet \u00e4r en lokal utvecklingsgrupp med den b\u00e4rande tanken att samverkan f\u00f6ratt uppn\u00e5 gemensamma m\u00e5l \u00e4r en avg\u00f6rande framg\u00e5ngsfaktor i utvecklingen avlokalsamh\u00e4llet. Gruppen v\u00e4nder sig till hela V\u00e4dd\u00f6omr\u00e5det, fr\u00e5n Sing\u00f6 i norr<\/p>\n","protected":false},"author":1,"featured_media":0,"parent":0,"menu_order":0,"comment_status":"closed","ping_status":"closed","template":"template-fullwidth.php","meta":{"footnotes":""},"class_list":["post-30","page","type-page","status-publish","hentry"],"_links":{"self":[{"href":"https:\/\/mls.vaddobygden.se\/index.php?rest_route=\/wp\/v2\/pages\/30","targetHints":{"allow":["GET"]}}],"collection":[{"href":"https:\/\/mls.vaddobygden.se\/index.php?rest_route=\/wp\/v2\/pages"}],"about":[{"href":"https:\/\/mls.vaddobygden.se\/index.php?rest_route=\/wp\/v2\/types\/page"}],"author":[{"embeddable":true,"href":"https:\/\/mls.vaddobygden.se\/index.php?rest_route=\/wp\/v2\/users\/1"}],"replies":[{"embeddable":true,"href":"https:\/\/mls.vaddobygden.se\/index.php?rest_route=%2Fwp%2Fv2%2Fcomments&post=30"}],"version-history":[{"count":8,"href":"https:\/\/mls.vaddobygden.se\/index.php?rest_route=\/wp\/v2\/pages\/30\/revisions"}],"predecessor-version":[{"id":196,"href":"https:\/\/mls.vaddobygden.se\/index.php?rest_route=\/wp\/v2\/pages\/30\/revisions\/196"}],"wp:attachment":[{"href":"https:\/\/mls.vaddobygden.se\/index.php?rest_route=%2Fwp%2Fv2%2Fmedia&parent=30"}],"curies":[{"name":"wp","href":"https:\/\/api.w.org\/{rel}","templated":true}]}}